{"id":995,"date":"2015-04-13T17:42:03","date_gmt":"2015-04-13T17:42:03","guid":{"rendered":"http:\/\/www.wynajem-autokarow.com\/?page_id=995"},"modified":"2021-01-28T21:42:54","modified_gmt":"2021-01-28T21:42:54","slug":"contactez-nous","status":"publish","type":"page","link":"https:\/\/wynajem-autokarow.com\/fr\/contactez-nous\/","title":{"rendered":"Contactez Nous"},"content":{"rendered":"<div  class='flex_column av-uqo9v-332ba8301ad49dfdbf0f607ce2c2ae5c av_one_half  avia-builder-el-0  el_before_av_one_half  avia-builder-el-first  first flex_column_div  '     ><p><section  class='av_textblock_section av-q2cuz-7b49824dd35e0b1a3c8f4c534152850a '   itemscope=\"itemscope\" itemtype=\"https:\/\/schema.org\/CreativeWork\" ><div class='avia_textblock'  itemprop=\"text\" ><p>La Web www.wynajem-autokarow.com fait partie de l\u2019office du tourisme Top Travel.<\/p>\n<p>Nous pouvons mettre a votre disposition sur l\u2019ensemble du territoire polonais des autocars modernes et confortables.<\/p>\n<p><strong>Top Travel Coaches Sp. z o.o.<\/strong><br \/>\nul. Foksal 12\/14 00-366 Warsovie<br \/>\ntel. + 48 888 70 43 21<br \/>\nTel: 22 892 93 00<br \/>\nTel: 22 892 93 01<\/p>\n<p>e-mail: transport@toptravel.pl<\/p>\n<\/div><\/section><br \/>\n<section  class='av_textblock_section av-jspej-7b07253f302bbb41fc49047a277cc605 '   itemscope=\"itemscope\" itemtype=\"https:\/\/schema.org\/CreativeWork\" ><div class='avia_textblock'  itemprop=\"text\" ><p><iframe loading=\"lazy\" style=\"border: 0;\" src=\"https:\/\/maps.google.pl\/maps?ie=UTF8&amp;q=Foksal+12%2F14%2C+00-366+Warszawa&amp;gl=PL&amp;hl=pl&amp;t=m&amp;iwloc=A&amp;output=embed\" width=\"600\" height=\"450\" frameborder=\"0\"><\/iframe><\/p>\n<\/div><\/section><\/p><\/div>\n<style type=\"text\/css\" data-created_by=\"avia_inline_auto\" id=\"style-css-av-hjqa3-33c91ecfef978568b96b6c2716c4e06d\">\n.flex_column.av-hjqa3-33c91ecfef978568b96b6c2716c4e06d{\nborder-radius:0px 0px 0px 0px;\npadding:0px 0px 0px 0px;\n}\n<\/style>\n<div  class='flex_column av-hjqa3-33c91ecfef978568b96b6c2716c4e06d av_one_half  avia-builder-el-3  el_after_av_one_half  el_before_av_image  flex_column_div av-zero-column-padding  '     ><\/div><\/p>\n\n<style type=\"text\/css\" data-created_by=\"avia_inline_auto\" id=\"style-css-av-7acfv-62d14c1a4749a945baa5204d00d0e33f\">\n.avia-image-container.av-7acfv-62d14c1a4749a945baa5204d00d0e33f img.avia_image{\nbox-shadow:none;\n}\n.avia-image-container.av-7acfv-62d14c1a4749a945baa5204d00d0e33f .av-image-caption-overlay-center{\ncolor:#ffffff;\n}\n<\/style>\n<div  class='avia-image-container av-7acfv-62d14c1a4749a945baa5204d00d0e33f av-styling- avia-align-center  avia-builder-el-4  el_after_av_one_half  avia-builder-el-last '   itemprop=\"image\" itemscope=\"itemscope\" itemtype=\"https:\/\/schema.org\/ImageObject\" ><div class=\"avia-image-container-inner\"><div class=\"avia-image-overlay-wrap\"><img fetchpriority=\"high\" class='wp-image-2168 avia-img-lazy-loading-not-2168 avia_image ' src='https:\/\/wynajem-autokarow.com\/wp-content\/uploads\/2015\/03\/TOP-TRAVEL-wynajem-autokar\u00f3w-Warszawa.jpg' alt='' title='TOP TRAVEL wynajem autokar\u00f3w Warszawa'  height=\"600\" width=\"1600\"  itemprop=\"thumbnailUrl\"  \/><\/div><\/div><\/div>\n","protected":false},"excerpt":{"rendered":"","protected":false},"author":1,"featured_media":0,"parent":0,"menu_order":0,"comment_status":"closed","ping_status":"open","template":"","meta":{"_monsterinsights_skip_tracking":false,"_monsterinsights_sitenote_active":false,"_monsterinsights_sitenote_note":"","_monsterinsights_sitenote_category":0,"footnotes":""},"class_list":["post-995","page","type-page","status-publish","hentry"],"yoast_head":"<!-- This site is optimized with the Yoast SEO plugin v24.9 - https:\/\/yoast.com\/wordpress\/plugins\/seo\/ -->\n<title>Contactez Nous<\/title>\n<meta name=\"description\" content=\"TOP TRAVEL - Wynajem autokar\u00f3w Warszawa Polska Europa\" \/>\n<meta name=\"robots\" content=\"index, follow, max-snippet:-1, max-image-preview:large, max-video-preview:-1\" \/>\n<link rel=\"canonical\" href=\"https:\/\/wynajem-autokarow.com\/fr\/contactez-nous\/\" \/>\n<meta property=\"og:locale\" content=\"fr_FR\" \/>\n<meta property=\"og:type\" content=\"article\" \/>\n<meta property=\"og:title\" content=\"Contactez Nous\" \/>\n<meta property=\"og:description\" content=\"TOP TRAVEL - Wynajem autokar\u00f3w Warszawa Polska Europa\" \/>\n<meta property=\"og:url\" content=\"https:\/\/wynajem-autokarow.com\/fr\/contactez-nous\/\" \/>\n<meta property=\"og:site_name\" content=\"TOP TRAVEL - Wynajem autokar\u00f3w Warszawa Polska Europa\" \/>\n<meta property=\"article:modified_time\" content=\"2021-01-28T21:42:54+00:00\" \/>\n<meta name=\"twitter:label1\" content=\"Dur\u00e9e de lecture estim\u00e9e\" \/>\n\t<meta name=\"twitter:data1\" content=\"1 minute\" \/>\n<script type=\"application\/ld+json\" class=\"yoast-schema-graph\">{\"@context\":\"https:\/\/schema.org\",\"@graph\":[{\"@type\":\"WebPage\",\"@id\":\"https:\/\/wynajem-autokarow.com\/fr\/contactez-nous\/\",\"url\":\"https:\/\/wynajem-autokarow.com\/fr\/contactez-nous\/\",\"name\":\"Contactez Nous\",\"isPartOf\":{\"@id\":\"https:\/\/wynajem-autokarow.com\/#website\"},\"datePublished\":\"2015-04-13T17:42:03+00:00\",\"dateModified\":\"2021-01-28T21:42:54+00:00\",\"description\":\"TOP TRAVEL - Wynajem autokar\u00f3w Warszawa Polska Europa\",\"breadcrumb\":{\"@id\":\"https:\/\/wynajem-autokarow.com\/fr\/contactez-nous\/#breadcrumb\"},\"inLanguage\":\"fr-FR\",\"potentialAction\":[{\"@type\":\"ReadAction\",\"target\":[\"https:\/\/wynajem-autokarow.com\/fr\/contactez-nous\/\"]}]},{\"@type\":\"BreadcrumbList\",\"@id\":\"https:\/\/wynajem-autokarow.com\/fr\/contactez-nous\/#breadcrumb\",\"itemListElement\":[{\"@type\":\"ListItem\",\"position\":1,\"name\":\"TOP TRAVEL Wynajem autokar\u00f3w Warszawa\",\"item\":\"https:\/\/wynajem-autokarow.com\/fr\/\"},{\"@type\":\"ListItem\",\"position\":2,\"name\":\"Contactez Nous\"}]},{\"@type\":\"WebSite\",\"@id\":\"https:\/\/wynajem-autokarow.com\/#website\",\"url\":\"https:\/\/wynajem-autokarow.com\/\",\"name\":\"TOP TRAVEL - Wynajem autokar\u00f3w Warszawa Polska Europa\",\"description\":\"TOP TRAVEL - Wynajem autokar\u00f3w Warszawa: Luksusowe Komfortowe Bezpieczne; Dla biznesu i os\u00f3b indywidualnych. Realizujemy przejazdy lokalne i d\u0142ugie trasy.\",\"potentialAction\":[{\"@type\":\"SearchAction\",\"target\":{\"@type\":\"EntryPoint\",\"urlTemplate\":\"https:\/\/wynajem-autokarow.com\/?s={search_term_string}\"},\"query-input\":{\"@type\":\"PropertyValueSpecification\",\"valueRequired\":true,\"valueName\":\"search_term_string\"}}],\"inLanguage\":\"fr-FR\"}]}<\/script>\n<!-- \/ Yoast SEO plugin. -->","yoast_head_json":{"title":"Contactez Nous","description":"TOP TRAVEL - Wynajem autokar\u00f3w Warszawa Polska Europa","robots":{"index":"index","follow":"follow","max-snippet":"max-snippet:-1","max-image-preview":"max-image-preview:large","max-video-preview":"max-video-preview:-1"},"canonical":"https:\/\/wynajem-autokarow.com\/fr\/contactez-nous\/","og_locale":"fr_FR","og_type":"article","og_title":"Contactez Nous","og_description":"TOP TRAVEL - Wynajem autokar\u00f3w Warszawa Polska Europa","og_url":"https:\/\/wynajem-autokarow.com\/fr\/contactez-nous\/","og_site_name":"TOP TRAVEL - Wynajem autokar\u00f3w Warszawa Polska Europa","article_modified_time":"2021-01-28T21:42:54+00:00","twitter_misc":{"Dur\u00e9e de lecture estim\u00e9e":"1 minute"},"schema":{"@context":"https:\/\/schema.org","@graph":[{"@type":"WebPage","@id":"https:\/\/wynajem-autokarow.com\/fr\/contactez-nous\/","url":"https:\/\/wynajem-autokarow.com\/fr\/contactez-nous\/","name":"Contactez Nous","isPartOf":{"@id":"https:\/\/wynajem-autokarow.com\/#website"},"datePublished":"2015-04-13T17:42:03+00:00","dateModified":"2021-01-28T21:42:54+00:00","description":"TOP TRAVEL - Wynajem autokar\u00f3w Warszawa Polska Europa","breadcrumb":{"@id":"https:\/\/wynajem-autokarow.com\/fr\/contactez-nous\/#breadcrumb"},"inLanguage":"fr-FR","potentialAction":[{"@type":"ReadAction","target":["https:\/\/wynajem-autokarow.com\/fr\/contactez-nous\/"]}]},{"@type":"BreadcrumbList","@id":"https:\/\/wynajem-autokarow.com\/fr\/contactez-nous\/#breadcrumb","itemListElement":[{"@type":"ListItem","position":1,"name":"TOP TRAVEL Wynajem autokar\u00f3w Warszawa","item":"https:\/\/wynajem-autokarow.com\/fr\/"},{"@type":"ListItem","position":2,"name":"Contactez Nous"}]},{"@type":"WebSite","@id":"https:\/\/wynajem-autokarow.com\/#website","url":"https:\/\/wynajem-autokarow.com\/","name":"TOP TRAVEL - Wynajem autokar\u00f3w Warszawa Polska Europa","description":"TOP TRAVEL - Wynajem autokar\u00f3w Warszawa: Luksusowe Komfortowe Bezpieczne; Dla biznesu i os\u00f3b indywidualnych. Realizujemy przejazdy lokalne i d\u0142ugie trasy.","potentialAction":[{"@type":"SearchAction","target":{"@type":"EntryPoint","urlTemplate":"https:\/\/wynajem-autokarow.com\/?s={search_term_string}"},"query-input":{"@type":"PropertyValueSpecification","valueRequired":true,"valueName":"search_term_string"}}],"inLanguage":"fr-FR"}]}},"_links":{"self":[{"href":"https:\/\/wynajem-autokarow.com\/fr\/wp-json\/wp\/v2\/pages\/995","targetHints":{"allow":["GET"]}}],"collection":[{"href":"https:\/\/wynajem-autokarow.com\/fr\/wp-json\/wp\/v2\/pages"}],"about":[{"href":"https:\/\/wynajem-autokarow.com\/fr\/wp-json\/wp\/v2\/types\/page"}],"author":[{"embeddable":true,"href":"https:\/\/wynajem-autokarow.com\/fr\/wp-json\/wp\/v2\/users\/1"}],"replies":[{"embeddable":true,"href":"https:\/\/wynajem-autokarow.com\/fr\/wp-json\/wp\/v2\/comments?post=995"}],"version-history":[{"count":18,"href":"https:\/\/wynajem-autokarow.com\/fr\/wp-json\/wp\/v2\/pages\/995\/revisions"}],"predecessor-version":[{"id":2856,"href":"https:\/\/wynajem-autokarow.com\/fr\/wp-json\/wp\/v2\/pages\/995\/revisions\/2856"}],"wp:attachment":[{"href":"https:\/\/wynajem-autokarow.com\/fr\/wp-json\/wp\/v2\/media?parent=995"}],"curies":[{"name":"wp","href":"https:\/\/api.w.org\/{rel}","templated":true}]}}