{"id":1897,"date":"2015-05-02T17:14:22","date_gmt":"2015-05-02T17:14:22","guid":{"rendered":"http:\/\/www.wynajem-autokarow.com\/?page_id=1897"},"modified":"2016-06-02T11:45:18","modified_gmt":"2016-06-02T11:45:18","slug":"flughafentransfers-warschauer-flughafen-chopin-modlin","status":"publish","type":"page","link":"https:\/\/wynajem-autokarow.com\/de\/flughafentransfers-warschauer-flughafen-chopin-modlin\/","title":{"rendered":"Flughafentransfers Warschauer Flughafen Chopin \u2013 Modlin"},"content":{"rendered":"<div  class='flex_column av-av_one_full-2a9015ff38129c418a3f2eafba3e9512 av_one_full  avia-builder-el-0  avia-builder-el-no-sibling  first flex_column_div  '     ><section  class='av_textblock_section av-av_textblock-0366cc7376be6c9e82a3e9cc8987b64f '   itemscope=\"itemscope\" itemtype=\"https:\/\/schema.org\/CreativeWork\" ><div class='avia_textblock'  itemprop=\"text\" ><h1>Flughafentransfers in Warschau<\/h1>\n<h2>Transfers Flughafen Chopin und Modlin<\/h2>\n<p><strong>in luxuri\u00f6sen Bussen mit TOP TRAVEL<\/strong><\/p>\n<p>TOP TRAVEL bietet Ihnen die meist komfortablen Bustransfers aus den beiden Flugh\u00e4fen in Warschau an:<br \/>\n\u2022 Chopin Flughafen platziert nicht weit vom Stadtzentrum \u2013 10 Kilometer<br \/>\n\u2022 Modlin Flughafen platziert etwa 50 Kilometer von Warschau \u2013 in n\u00f6rdlicher Richtung<\/p>\n<p>Wir bieten Ihnen Transfers aus beliebigen Ort Polens von und zu diesen beiden Flugh\u00e4fen an. Es kann sowohl ein kurzer Transfer von\/nach Warschau als auch zu jedem gew\u00fcnschten Ort sein.<\/p>\n<p>Wir sind auch imstande, Rundfahrten \u00fcber Polen oder ins Ausland zu organisieren, abh\u00e4ngig von Ihren Bed\u00fcrfnissen. Wir verf\u00fcgen \u00fcber alle Zertifikate, die f\u00fcr Personenbef\u00f6rderungen in Polen und in Europa erforderlich sind.<\/p>\n<p>Wir verf\u00fcgen \u00fcber eine Flotte von luxuri\u00f6sen Reisebussen wie Mercedes Tourismo, VDL New Futura, Man Lion\u2019s Coach und Bova FHD. Alle diese Busse stehen f\u00fcr Sie bereit. Alle Busse verf\u00fcgen \u00fcber g\u00fcltige technische \u00dcberwachungen und Zertifikate. Dasselbe betrifft unsere Fahrer und unsere Lizenzen.<br \/>\nWir werden uns freuen, Sie bei uns am Bord begr\u00fc\u00dfen zu d\u00fcrfen.<\/p>\n<p>TOP TRAVEL Team \u2013 Warschauer Flughafen Transfers und vieles mehr.<\/p>\n<p>Wir w\u00fcrden uns freuen, Ihren ganzen Besuch in Polen organisieren zu k\u00f6nnen; egal, ob er gesch\u00e4ftlich oder privat ist. Unsere Ferien- und Eventsabteilung hat sehr gro\u00dfe Erfahrung in Bezug auf die Organisation von Events und Motivationsveranstaltungen in Polen und in der ganzen Welt.<\/p>\n<\/div><\/section><br \/>\n<div  id=\"av-sc-portfolio-1\"  class=' grid-sort-container isotope   no_margin-container with-title-container grid-total-odd grid-col-3 grid-links-' data-portfolio-id='1'><div data-ajax-id='1777' class=' grid-entry flex_column isotope-item all_sort no_margin post-entry post-entry-1777 grid-entry-overview grid-loop-1 grid-parity-odd  mercedes-de_sort  av_one_third first default_av_fullwidth '><article class='main_color inner-entry'  itemscope=\"itemscope\" itemtype=\"https:\/\/schema.org\/CreativeWork\" ><a href=\"https:\/\/wynajem-autokarow.com\/de\/flota\/mercedes-2\/\" title='MERCEDES'  data-rel='grid-1' class='grid-image avia-hover-fx'> <img decoding=\"async\" fetchpriority=\"high\" width=\"428\" height=\"305\" src=\"https:\/\/wynajem-autokarow.com\/wp-content\/uploads\/2015\/03\/Autokar-Mercedes-Starsz.jpg\" class=\"wp-image-3060 avia-img-lazy-loading-not-3060 attachment-portfolio size-portfolio wp-post-image\" alt=\"\" srcset=\"https:\/\/wynajem-autokarow.com\/wp-content\/uploads\/2015\/03\/Autokar-Mercedes-Starsz.jpg 428w, https:\/\/wynajem-autokarow.com\/wp-content\/uploads\/2015\/03\/Autokar-Mercedes-Starsz-300x214.jpg 300w, https:\/\/wynajem-autokarow.com\/wp-content\/uploads\/2015\/03\/Autokar-Mercedes-Starsz-260x185.jpg 260w\" sizes=\"(max-width: 428px) 100vw, 428px\" \/><\/a><div class='grid-content'><div class='avia-arrow'><\/div><header class=\"entry-content-header\" aria-label=\"Portfolio: MERCEDES\"><h3 class='grid-entry-title entry-title '  itemprop=\"headline\" ><a href='https:\/\/wynajem-autokarow.com\/de\/flota\/mercedes-2\/' title='MERCEDES'>MERCEDES<\/a><\/h3><\/header><\/div><footer class=\"entry-footer\"><\/footer><\/article><\/div><div data-ajax-id='1779' class=' grid-entry flex_column isotope-item all_sort no_margin post-entry post-entry-1779 grid-entry-overview grid-loop-2 grid-parity-even  vdl-de_sort  av_one_third  default_av_fullwidth '><article class='main_color inner-entry'  itemscope=\"itemscope\" itemtype=\"https:\/\/schema.org\/CreativeWork\" ><a href=\"https:\/\/wynajem-autokarow.com\/de\/flota\/vdl-new-futura-2\/\" title='VDL New Futura'  data-rel='grid-1' class='grid-image avia-hover-fx'> <img decoding=\"async\" fetchpriority=\"high\" width=\"399\" height=\"284\" src=\"https:\/\/wynajem-autokarow.com\/wp-content\/uploads\/2015\/03\/VDL2.png\" class=\"wp-image-1514 avia-img-lazy-loading-not-1514 attachment-portfolio size-portfolio wp-post-image\" alt=\"\" srcset=\"https:\/\/wynajem-autokarow.com\/wp-content\/uploads\/2015\/03\/VDL2.png 399w, https:\/\/wynajem-autokarow.com\/wp-content\/uploads\/2015\/03\/VDL2-300x214.png 300w, https:\/\/wynajem-autokarow.com\/wp-content\/uploads\/2015\/03\/VDL2-260x185.png 260w\" sizes=\"(max-width: 399px) 100vw, 399px\" \/><\/a><div class='grid-content'><div class='avia-arrow'><\/div><header class=\"entry-content-header\" aria-label=\"Portfolio: VDL New Futura\"><h3 class='grid-entry-title entry-title '  itemprop=\"headline\" ><a href='https:\/\/wynajem-autokarow.com\/de\/flota\/vdl-new-futura-2\/' title='VDL New Futura'>VDL New Futura<\/a><\/h3><\/header><\/div><footer class=\"entry-footer\"><\/footer><\/article><\/div><div data-ajax-id='1780' class=' grid-entry flex_column isotope-item all_sort no_margin post-entry post-entry-1780 grid-entry-overview grid-loop-3 grid-parity-odd  post-entry-last  man-de_sort  av_one_third  default_av_fullwidth '><article class='main_color inner-entry'  itemscope=\"itemscope\" itemtype=\"https:\/\/schema.org\/CreativeWork\" ><a href=\"https:\/\/wynajem-autokarow.com\/de\/flota\/man-lions-coach-2\/\" title='MAN Lion&#8217;s Coach'  data-rel='grid-1' class='grid-image avia-hover-fx'> <img decoding=\"async\" fetchpriority=\"high\" width=\"428\" height=\"305\" src=\"https:\/\/wynajem-autokarow.com\/wp-content\/uploads\/2024\/03\/Autokar-do-wynajecia-Top-Travel-Man-Lion-2024.jpg\" class=\"wp-image-3404 avia-img-lazy-loading-not-3404 attachment-portfolio size-portfolio wp-post-image\" alt=\"\" srcset=\"https:\/\/wynajem-autokarow.com\/wp-content\/uploads\/2024\/03\/Autokar-do-wynajecia-Top-Travel-Man-Lion-2024.jpg 428w, https:\/\/wynajem-autokarow.com\/wp-content\/uploads\/2024\/03\/Autokar-do-wynajecia-Top-Travel-Man-Lion-2024-300x214.jpg 300w, https:\/\/wynajem-autokarow.com\/wp-content\/uploads\/2024\/03\/Autokar-do-wynajecia-Top-Travel-Man-Lion-2024-260x185.jpg 260w\" sizes=\"(max-width: 428px) 100vw, 428px\" \/><\/a><div class='grid-content'><div class='avia-arrow'><\/div><header class=\"entry-content-header\" aria-label=\"Portfolio: MAN Lion&#8217;s Coach\"><h3 class='grid-entry-title entry-title '  itemprop=\"headline\" ><a href='https:\/\/wynajem-autokarow.com\/de\/flota\/man-lions-coach-2\/' title='MAN Lion&#8217;s Coach'>MAN Lion&#8217;s Coach<\/a><\/h3><\/header><\/div><footer class=\"entry-footer\"><\/footer><\/article><\/div><\/div><\/p><\/div>\n","protected":false},"excerpt":{"rendered":"","protected":false},"author":1,"featured_media":1778,"parent":0,"menu_order":0,"comment_status":"closed","ping_status":"open","template":"","meta":{"_monsterinsights_skip_tracking":false,"_monsterinsights_sitenote_active":false,"_monsterinsights_sitenote_note":"","_monsterinsights_sitenote_category":0,"footnotes":""},"class_list":["post-1897","page","type-page","status-publish","has-post-thumbnail","hentry"],"yoast_head":"<!-- This site is optimized with the Yoast SEO plugin v24.9 - https:\/\/yoast.com\/wordpress\/plugins\/seo\/ -->\n<title>Flughafentransfers in Warschau Chopin Modlin TOP TRAVEL<\/title>\n<meta name=\"description\" content=\"Flughafentransfers in Warschau Polen. Transfers Flughafen Chopin und Modlin in luxuri\u00f6sen Bussen mit TOP TRAVEL.\" \/>\n<meta name=\"robots\" content=\"index, follow, max-snippet:-1, max-image-preview:large, max-video-preview:-1\" \/>\n<link rel=\"canonical\" href=\"https:\/\/wynajem-autokarow.com\/de\/flughafentransfers-warschauer-flughafen-chopin-modlin\/\" \/>\n<meta property=\"og:locale\" content=\"de_DE\" \/>\n<meta property=\"og:type\" content=\"article\" \/>\n<meta property=\"og:title\" content=\"Flughafentransfers in Warschau Chopin Modlin TOP TRAVEL\" \/>\n<meta property=\"og:description\" content=\"Flughafentransfers in Warschau Polen. Transfers Flughafen Chopin und Modlin in luxuri\u00f6sen Bussen mit TOP TRAVEL.\" \/>\n<meta property=\"og:url\" content=\"https:\/\/wynajem-autokarow.com\/de\/flughafentransfers-warschauer-flughafen-chopin-modlin\/\" \/>\n<meta property=\"og:site_name\" content=\"TOP TRAVEL - Wynajem autokar\u00f3w Warszawa Polska Europa\" \/>\n<meta property=\"article:modified_time\" content=\"2016-06-02T11:45:18+00:00\" \/>\n<meta property=\"og:image\" content=\"https:\/\/wynajem-autokarow.com\/wp-content\/uploads\/2015\/03\/Mercedes.png\" \/>\n\t<meta property=\"og:image:width\" content=\"473\" \/>\n\t<meta property=\"og:image:height\" content=\"337\" \/>\n\t<meta property=\"og:image:type\" content=\"image\/png\" \/>\n<meta name=\"twitter:label1\" content=\"Gesch\u00e4tzte Lesezeit\" \/>\n\t<meta name=\"twitter:data1\" content=\"1\u00a0Minute\" \/>\n<script type=\"application\/ld+json\" class=\"yoast-schema-graph\">{\"@context\":\"https:\/\/schema.org\",\"@graph\":[{\"@type\":\"WebPage\",\"@id\":\"https:\/\/wynajem-autokarow.com\/de\/flughafentransfers-warschauer-flughafen-chopin-modlin\/\",\"url\":\"https:\/\/wynajem-autokarow.com\/de\/flughafentransfers-warschauer-flughafen-chopin-modlin\/\",\"name\":\"Flughafentransfers in Warschau Chopin Modlin TOP TRAVEL\",\"isPartOf\":{\"@id\":\"https:\/\/wynajem-autokarow.com\/#website\"},\"primaryImageOfPage\":{\"@id\":\"https:\/\/wynajem-autokarow.com\/de\/flughafentransfers-warschauer-flughafen-chopin-modlin\/#primaryimage\"},\"image\":{\"@id\":\"https:\/\/wynajem-autokarow.com\/de\/flughafentransfers-warschauer-flughafen-chopin-modlin\/#primaryimage\"},\"thumbnailUrl\":\"https:\/\/wynajem-autokarow.com\/wp-content\/uploads\/2015\/03\/Mercedes.png\",\"datePublished\":\"2015-05-02T17:14:22+00:00\",\"dateModified\":\"2016-06-02T11:45:18+00:00\",\"description\":\"Flughafentransfers in Warschau Polen. Transfers Flughafen Chopin und Modlin in luxuri\u00f6sen Bussen mit TOP TRAVEL.\",\"breadcrumb\":{\"@id\":\"https:\/\/wynajem-autokarow.com\/de\/flughafentransfers-warschauer-flughafen-chopin-modlin\/#breadcrumb\"},\"inLanguage\":\"de\",\"potentialAction\":[{\"@type\":\"ReadAction\",\"target\":[\"https:\/\/wynajem-autokarow.com\/de\/flughafentransfers-warschauer-flughafen-chopin-modlin\/\"]}]},{\"@type\":\"ImageObject\",\"inLanguage\":\"de\",\"@id\":\"https:\/\/wynajem-autokarow.com\/de\/flughafentransfers-warschauer-flughafen-chopin-modlin\/#primaryimage\",\"url\":\"https:\/\/wynajem-autokarow.com\/wp-content\/uploads\/2015\/03\/Mercedes.png\",\"contentUrl\":\"https:\/\/wynajem-autokarow.com\/wp-content\/uploads\/2015\/03\/Mercedes.png\",\"width\":473,\"height\":337,\"caption\":\"Flughafentransfers in Warschau\"},{\"@type\":\"BreadcrumbList\",\"@id\":\"https:\/\/wynajem-autokarow.com\/de\/flughafentransfers-warschauer-flughafen-chopin-modlin\/#breadcrumb\",\"itemListElement\":[{\"@type\":\"ListItem\",\"position\":1,\"name\":\"TOP TRAVEL Wynajem autokar\u00f3w Warszawa\",\"item\":\"https:\/\/wynajem-autokarow.com\/de\/\"},{\"@type\":\"ListItem\",\"position\":2,\"name\":\"Flughafentransfers Warschauer Flughafen Chopin \u2013 Modlin\"}]},{\"@type\":\"WebSite\",\"@id\":\"https:\/\/wynajem-autokarow.com\/#website\",\"url\":\"https:\/\/wynajem-autokarow.com\/\",\"name\":\"TOP TRAVEL - Wynajem autokar\u00f3w Warszawa Polska Europa\",\"description\":\"TOP TRAVEL - Wynajem autokar\u00f3w Warszawa: Luksusowe Komfortowe Bezpieczne; Dla biznesu i os\u00f3b indywidualnych. Realizujemy przejazdy lokalne i d\u0142ugie trasy.\",\"potentialAction\":[{\"@type\":\"SearchAction\",\"target\":{\"@type\":\"EntryPoint\",\"urlTemplate\":\"https:\/\/wynajem-autokarow.com\/?s={search_term_string}\"},\"query-input\":{\"@type\":\"PropertyValueSpecification\",\"valueRequired\":true,\"valueName\":\"search_term_string\"}}],\"inLanguage\":\"de\"}]}<\/script>\n<!-- \/ Yoast SEO plugin. -->","yoast_head_json":{"title":"Flughafentransfers in Warschau Chopin Modlin TOP TRAVEL","description":"Flughafentransfers in Warschau Polen. Transfers Flughafen Chopin und Modlin in luxuri\u00f6sen Bussen mit TOP TRAVEL.","robots":{"index":"index","follow":"follow","max-snippet":"max-snippet:-1","max-image-preview":"max-image-preview:large","max-video-preview":"max-video-preview:-1"},"canonical":"https:\/\/wynajem-autokarow.com\/de\/flughafentransfers-warschauer-flughafen-chopin-modlin\/","og_locale":"de_DE","og_type":"article","og_title":"Flughafentransfers in Warschau Chopin Modlin TOP TRAVEL","og_description":"Flughafentransfers in Warschau Polen. Transfers Flughafen Chopin und Modlin in luxuri\u00f6sen Bussen mit TOP TRAVEL.","og_url":"https:\/\/wynajem-autokarow.com\/de\/flughafentransfers-warschauer-flughafen-chopin-modlin\/","og_site_name":"TOP TRAVEL - Wynajem autokar\u00f3w Warszawa Polska Europa","article_modified_time":"2016-06-02T11:45:18+00:00","og_image":[{"width":473,"height":337,"url":"https:\/\/wynajem-autokarow.com\/wp-content\/uploads\/2015\/03\/Mercedes.png","type":"image\/png"}],"twitter_misc":{"Gesch\u00e4tzte Lesezeit":"1\u00a0Minute"},"schema":{"@context":"https:\/\/schema.org","@graph":[{"@type":"WebPage","@id":"https:\/\/wynajem-autokarow.com\/de\/flughafentransfers-warschauer-flughafen-chopin-modlin\/","url":"https:\/\/wynajem-autokarow.com\/de\/flughafentransfers-warschauer-flughafen-chopin-modlin\/","name":"Flughafentransfers in Warschau Chopin Modlin TOP TRAVEL","isPartOf":{"@id":"https:\/\/wynajem-autokarow.com\/#website"},"primaryImageOfPage":{"@id":"https:\/\/wynajem-autokarow.com\/de\/flughafentransfers-warschauer-flughafen-chopin-modlin\/#primaryimage"},"image":{"@id":"https:\/\/wynajem-autokarow.com\/de\/flughafentransfers-warschauer-flughafen-chopin-modlin\/#primaryimage"},"thumbnailUrl":"https:\/\/wynajem-autokarow.com\/wp-content\/uploads\/2015\/03\/Mercedes.png","datePublished":"2015-05-02T17:14:22+00:00","dateModified":"2016-06-02T11:45:18+00:00","description":"Flughafentransfers in Warschau Polen. Transfers Flughafen Chopin und Modlin in luxuri\u00f6sen Bussen mit TOP TRAVEL.","breadcrumb":{"@id":"https:\/\/wynajem-autokarow.com\/de\/flughafentransfers-warschauer-flughafen-chopin-modlin\/#breadcrumb"},"inLanguage":"de","potentialAction":[{"@type":"ReadAction","target":["https:\/\/wynajem-autokarow.com\/de\/flughafentransfers-warschauer-flughafen-chopin-modlin\/"]}]},{"@type":"ImageObject","inLanguage":"de","@id":"https:\/\/wynajem-autokarow.com\/de\/flughafentransfers-warschauer-flughafen-chopin-modlin\/#primaryimage","url":"https:\/\/wynajem-autokarow.com\/wp-content\/uploads\/2015\/03\/Mercedes.png","contentUrl":"https:\/\/wynajem-autokarow.com\/wp-content\/uploads\/2015\/03\/Mercedes.png","width":473,"height":337,"caption":"Flughafentransfers in Warschau"},{"@type":"BreadcrumbList","@id":"https:\/\/wynajem-autokarow.com\/de\/flughafentransfers-warschauer-flughafen-chopin-modlin\/#breadcrumb","itemListElement":[{"@type":"ListItem","position":1,"name":"TOP TRAVEL Wynajem autokar\u00f3w Warszawa","item":"https:\/\/wynajem-autokarow.com\/de\/"},{"@type":"ListItem","position":2,"name":"Flughafentransfers Warschauer Flughafen Chopin \u2013 Modlin"}]},{"@type":"WebSite","@id":"https:\/\/wynajem-autokarow.com\/#website","url":"https:\/\/wynajem-autokarow.com\/","name":"TOP TRAVEL - Wynajem autokar\u00f3w Warszawa Polska Europa","description":"TOP TRAVEL - Wynajem autokar\u00f3w Warszawa: Luksusowe Komfortowe Bezpieczne; Dla biznesu i os\u00f3b indywidualnych. Realizujemy przejazdy lokalne i d\u0142ugie trasy.","potentialAction":[{"@type":"SearchAction","target":{"@type":"EntryPoint","urlTemplate":"https:\/\/wynajem-autokarow.com\/?s={search_term_string}"},"query-input":{"@type":"PropertyValueSpecification","valueRequired":true,"valueName":"search_term_string"}}],"inLanguage":"de"}]}},"_links":{"self":[{"href":"https:\/\/wynajem-autokarow.com\/de\/wp-json\/wp\/v2\/pages\/1897","targetHints":{"allow":["GET"]}}],"collection":[{"href":"https:\/\/wynajem-autokarow.com\/de\/wp-json\/wp\/v2\/pages"}],"about":[{"href":"https:\/\/wynajem-autokarow.com\/de\/wp-json\/wp\/v2\/types\/page"}],"author":[{"embeddable":true,"href":"https:\/\/wynajem-autokarow.com\/de\/wp-json\/wp\/v2\/users\/1"}],"replies":[{"embeddable":true,"href":"https:\/\/wynajem-autokarow.com\/de\/wp-json\/wp\/v2\/comments?post=1897"}],"version-history":[{"count":4,"href":"https:\/\/wynajem-autokarow.com\/de\/wp-json\/wp\/v2\/pages\/1897\/revisions"}],"predecessor-version":[{"id":2584,"href":"https:\/\/wynajem-autokarow.com\/de\/wp-json\/wp\/v2\/pages\/1897\/revisions\/2584"}],"wp:featuredmedia":[{"embeddable":true,"href":"https:\/\/wynajem-autokarow.com\/de\/wp-json\/wp\/v2\/media\/1778"}],"wp:attachment":[{"href":"https:\/\/wynajem-autokarow.com\/de\/wp-json\/wp\/v2\/media?parent=1897"}],"curies":[{"name":"wp","href":"https:\/\/api.w.org\/{rel}","templated":true}]}}